{"id":2379,"date":"2026-03-16T17:29:00","date_gmt":"2026-03-16T16:29:00","guid":{"rendered":"https:\/\/ccov.fr\/neufchateau\/?page_id=2379"},"modified":"2026-03-16T17:29:00","modified_gmt":"2026-03-16T16:29:00","slug":"noyer-noir","status":"publish","type":"page","link":"https:\/\/ccov.fr\/neufchateau\/vie-quotidienne\/environnement\/parc-des-confluences\/plantations\/noyer-noir\/","title":{"rendered":"Noyer noir"},"content":{"rendered":"\n<p><strong>Nom courant : <\/strong>Noyer noir<\/p>\n\n\n\n<p><strong>Nom scientifique : <\/strong>Juglans nigra<\/p>\n\n\n\n<p><strong>Provenance :<\/strong> Originaire d&#8217;Am\u00e9rique du Nord, le noyer noir est principalement trouv\u00e9 dans les r\u00e9gions de l&#8217;est des \u00c9tats-Unis et du sud-est du Canada.<\/p>\n\n\n\n<p><strong>Descriptif :<\/strong> Le noyer noir est un arbre \u00e0 feuilles caduques de taille moyenne \u00e0 grande, pouvant atteindre jusqu&#8217;\u00e0 30 \u00e0 40 m\u00e8tres de hauteur. Il se distingue par son \u00e9corce gris fonc\u00e9, son feuillage vert fonc\u00e9 compos\u00e9 de feuilles alternes et penn\u00e9es, et ses fruits, les noix noires, qui sont encloses dans une coque verte et coriace. Les noix ont une coque tr\u00e8s dure et contiennent une graine comestible.<\/p>\n\n\n\n<p><strong>Effets sur la sant\u00e9 : <\/strong>Les noix noires du noyer noir sont riches en nutriments, notamment en acides gras om\u00e9ga-3, en antioxydants et en vitamines. Elles sont b\u00e9n\u00e9fiques pour la sant\u00e9 cardiaque, certaines fonctions c\u00e9r\u00e9brales et la sant\u00e9 de la peau. L&#8217;extrait de feuilles de noyer noir est parfois utilis\u00e9 en phytoth\u00e9rapie pour ses propri\u00e9t\u00e9s antioxydantes et anti-inflammatoires, bien qu&#8217;il soit important de consulter un professionnel de la sant\u00e9 avant de l&#8217;utiliser \u00e0 des fins m\u00e9dicinales.<\/p>\n\n\n\n<p><strong>Effet sur la nature :<\/strong> Le noyer noir fournit un habitat et une source de nourriture pour une vari\u00e9t\u00e9 d&#8217;esp\u00e8ces animales, y compris les oiseaux et les \u00e9cureuils, qui consomment les noix. Cependant, il peut s\u00e9cr\u00e9ter des substances chimiques appel\u00e9es juglones, qui inhibent la croissance de certaines plantes \u00e0 proximit\u00e9, un ph\u00e9nom\u00e8ne connu sous le nom d&#8217;all\u00e9lopathie. Cela peut avoir un impact sur la composition de la v\u00e9g\u00e9tation environnante.<\/p>\n\n\n\n<p><strong>Entretien :<\/strong> Le noyer noir est g\u00e9n\u00e9ralement un arbre robuste et peu exigeant en termes d&#8217;entretien une fois qu&#8217;il est \u00e9tabli dans un sol appropri\u00e9. Il pr\u00e9f\u00e8re les sols riches, bien drain\u00e9s et l\u00e9g\u00e8rement acides, mais peut tol\u00e9rer d\u2019autres conditions de sol. Il est important de noter que les noyers noirs peuvent produire des noix en grande quantit\u00e9, ce qui peut n\u00e9cessiter un nettoyage r\u00e9gulier du sol sous l&#8217;arbre pour \u00e9viter l&#8217;accumulation de noix et de d\u00e9bris.<\/p>\n\n\n\n<p><strong>Visuels arbre adulte :<\/strong><\/p>\n\n\n\n<figure class=\"wp-block-image size-full\"><img fetchpriority=\"high\" decoding=\"async\" width=\"886\" height=\"591\" src=\"https:\/\/ccov.fr\/neufchateau\/wp-content\/uploads\/sites\/2\/2026\/03\/Juglans_Nigra_-_Val_Dieu_-_Belgium_01.jpg\" alt=\"\" class=\"wp-image-2380\" srcset=\"https:\/\/ccov.fr\/neufchateau\/wp-content\/uploads\/sites\/2\/2026\/03\/Juglans_Nigra_-_Val_Dieu_-_Belgium_01.jpg 886w, https:\/\/ccov.fr\/neufchateau\/wp-content\/uploads\/sites\/2\/2026\/03\/Juglans_Nigra_-_Val_Dieu_-_Belgium_01-300x200.jpg 300w, https:\/\/ccov.fr\/neufchateau\/wp-content\/uploads\/sites\/2\/2026\/03\/Juglans_Nigra_-_Val_Dieu_-_Belgium_01-768x512.jpg 768w\" sizes=\"(max-width: 886px) 100vw, 886px\" \/><figcaption class=\"wp-element-caption\">\u00a9Horst J. Meuter, <a href=\"https:\/\/creativecommons.org\/licenses\/by-sa\/4.0\">CC BY-SA 4.0<\/a>, via Wikimedia Commons<br><a href=\"https:\/\/upload.wikimedia.org\/wikipedia\/commons\/d\/d8\/Juglans_Nigra_-_Val_Dieu_-_Belgium_01.jpg\">https:\/\/upload.wikimedia.org\/wikipedia\/commons\/d\/d8\/Juglans_Nigra_-_Val_Dieu_-_Belgium_01.jpg<\/a><\/figcaption><\/figure>\n\n\n\n<figure class=\"wp-block-image size-large\"><img decoding=\"async\" width=\"768\" height=\"1024\" src=\"https:\/\/ccov.fr\/neufchateau\/wp-content\/uploads\/sites\/2\/2026\/03\/Juglans_nigra_15-p.bot-juglan-768x1024.jpg\" alt=\"\" class=\"wp-image-2381\" srcset=\"https:\/\/ccov.fr\/neufchateau\/wp-content\/uploads\/sites\/2\/2026\/03\/Juglans_nigra_15-p.bot-juglan-768x1024.jpg 768w, https:\/\/ccov.fr\/neufchateau\/wp-content\/uploads\/sites\/2\/2026\/03\/Juglans_nigra_15-p.bot-juglan-225x300.jpg 225w, https:\/\/ccov.fr\/neufchateau\/wp-content\/uploads\/sites\/2\/2026\/03\/Juglans_nigra_15-p.bot-juglan.jpg 797w\" sizes=\"(max-width: 768px) 100vw, 768px\" \/><figcaption class=\"wp-element-caption\">\u00a9Laval University, <a href=\"https:\/\/creativecommons.org\/licenses\/by-sa\/4.0\">CC BY-SA 4.0<\/a>, via Wikimedia Commons<br><a href=\"https:\/\/commons.wikimedia.org\/wiki\/File:Juglans_nigra_15-p.bot-juglan.nigra-17.jpg\">https:\/\/commons.wikimedia.org\/wiki\/File:Juglans_nigra_15-p.bot-juglan.nigra-17.jpg<\/a><\/figcaption><\/figure>\n\n\n\n<p><\/p>\n","protected":false},"excerpt":{"rendered":"<p>Nom courant : Noyer noir Nom scientifique : Juglans nigra Provenance : Originaire d&#8217;Am\u00e9rique du Nord, le noyer noir est principalement trouv\u00e9 dans les r\u00e9gions de l&#8217;est des \u00c9tats-Unis et du sud-est du Canada. Descriptif : Le noyer noir est un arbre \u00e0 feuilles caduques de taille moyenne \u00e0 grande, pouvant atteindre jusqu&#8217;\u00e0 30 \u00e0 [&hellip;]<\/p>\n","protected":false},"author":1,"featured_media":0,"parent":2342,"menu_order":0,"comment_status":"closed","ping_status":"closed","template":"","meta":{"_acf_changed":false,"ub_ctt_via":"","footnotes":""},"class_list":["post-2379","page","type-page","status-publish","hentry"],"acf":[],"featured_image_src":null,"_links":{"self":[{"href":"https:\/\/ccov.fr\/neufchateau\/wp-json\/wp\/v2\/pages\/2379","targetHints":{"allow":["GET"]}}],"collection":[{"href":"https:\/\/ccov.fr\/neufchateau\/wp-json\/wp\/v2\/pages"}],"about":[{"href":"https:\/\/ccov.fr\/neufchateau\/wp-json\/wp\/v2\/types\/page"}],"author":[{"embeddable":true,"href":"https:\/\/ccov.fr\/neufchateau\/wp-json\/wp\/v2\/users\/1"}],"replies":[{"embeddable":true,"href":"https:\/\/ccov.fr\/neufchateau\/wp-json\/wp\/v2\/comments?post=2379"}],"version-history":[{"count":1,"href":"https:\/\/ccov.fr\/neufchateau\/wp-json\/wp\/v2\/pages\/2379\/revisions"}],"predecessor-version":[{"id":2382,"href":"https:\/\/ccov.fr\/neufchateau\/wp-json\/wp\/v2\/pages\/2379\/revisions\/2382"}],"up":[{"embeddable":true,"href":"https:\/\/ccov.fr\/neufchateau\/wp-json\/wp\/v2\/pages\/2342"}],"wp:attachment":[{"href":"https:\/\/ccov.fr\/neufchateau\/wp-json\/wp\/v2\/media?parent=2379"}],"curies":[{"name":"wp","href":"https:\/\/api.w.org\/{rel}","templated":true}]}}