{"id":2395,"date":"2026-03-16T17:44:47","date_gmt":"2026-03-16T16:44:47","guid":{"rendered":"https:\/\/ccov.fr\/neufchateau\/?page_id=2395"},"modified":"2026-03-16T17:44:48","modified_gmt":"2026-03-16T16:44:48","slug":"charme-houblon","status":"publish","type":"page","link":"https:\/\/ccov.fr\/neufchateau\/vie-quotidienne\/environnement\/parc-des-confluences\/plantations\/charme-houblon\/","title":{"rendered":"Charme houblon"},"content":{"rendered":"\n<p><strong>Nom courant :<\/strong> Charme houblon<\/p>\n\n\n\n<p><strong>Nom scientifique : <\/strong>Ostrya carpinifolia<\/p>\n\n\n\n<p><strong>Provenance :<\/strong> L&#8217;Ostrya carpinifolia est originaire d&#8217;Europe, principalement du sud de l&#8217;Europe et de certaines r\u00e9gions des Balkans.<\/p>\n\n\n\n<p><strong>Descriptif : <\/strong>L&#8217;Ostrya carpinifolia, \u00e9galement connu sous le nom de Charme houblon, est un arbre \u00e0 feuilles caduques de taille moyenne, pouvant atteindre 10 \u00e0 15 m\u00e8tres de hauteur. Il appartient \u00e0 la famille des Betulaceae. Ses feuilles ressemblent \u00e0 celles du charme commun (Carpinus betulus), d&#8217;o\u00f9 son nom, avec une forme ovale \u00e0 ovale-lanc\u00e9ol\u00e9e et des marges finement dent\u00e9es. Les fleurs de l&#8217;Ostrya carpinifolia sont discr\u00e8tes et regroup\u00e9es en chatons pendants, ressemblant \u00e0 des houppes, et les fruits sont des ak\u00e8nes contenus dans des capsules en forme de vessie.<\/p>\n\n\n\n<p><strong>Effets sur la sant\u00e9 : <\/strong>L&#8217;Ostrya carpinifolia est principalement cultiv\u00e9 comme arbre ornemental et n&#8217;est g\u00e9n\u00e9ralement pas associ\u00e9 \u00e0 des effets sur la sant\u00e9 humaine. Cependant, comme pour toute plante, il est toujours important de prendre des pr\u00e9cautions en cas d\u2019utilisation et\/ou ingestion.<\/p>\n\n\n\n<p><strong>Effet sur la nature : <\/strong>En tant qu&#8217;arbre indig\u00e8ne, l&#8217;Ostrya carpinifolia contribue \u00e0 la biodiversit\u00e9 locale en fournissant un habitat et une source de nourriture pour diverses esp\u00e8ces d&#8217;insectes, d&#8217;oiseaux et de petits mammif\u00e8res. Son feuillage dense offre \u00e9galement un abri pour la faune et contribue \u00e0 la r\u00e9gulation de la temp\u00e9rature et de l&#8217;humidit\u00e9 dans son environnement.<\/p>\n\n\n\n<p><strong>Entretien : <\/strong>L&#8217;Ostrya carpinifolia est g\u00e9n\u00e9ralement peu exigeant en termes d&#8217;entretien une fois \u00e9tabli dans un sol appropri\u00e9. Il les pr\u00e9f\u00e8re bien drain\u00e9s et tol\u00e8re d\u2019autres conditions de sols, y compris secs et calcaires. Une taille l\u00e9g\u00e8re peut \u00eatre pratiqu\u00e9e pour \u00e9liminer les branches mortes ou endommag\u00e9es et pour maintenir une forme attrayante. Il peut b\u00e9n\u00e9ficier d&#8217;un arrosage r\u00e9gulier pendant les p\u00e9riodes s\u00e8ches, surtout lorsqu&#8217;il est jeune, pour favoriser une croissance saine.<\/p>\n\n\n\n<p><strong>Visuel arbre adulte :<\/strong><\/p>\n\n\n\n<figure class=\"wp-block-image size-full\"><img fetchpriority=\"high\" decoding=\"async\" width=\"960\" height=\"640\" src=\"https:\/\/ccov.fr\/neufchateau\/wp-content\/uploads\/sites\/2\/2026\/03\/Baden-Baden-Ostrya_carpinifolia-04-Hopfenbuche-2020-gje.jpg\" alt=\"\" class=\"wp-image-2397\" srcset=\"https:\/\/ccov.fr\/neufchateau\/wp-content\/uploads\/sites\/2\/2026\/03\/Baden-Baden-Ostrya_carpinifolia-04-Hopfenbuche-2020-gje.jpg 960w, https:\/\/ccov.fr\/neufchateau\/wp-content\/uploads\/sites\/2\/2026\/03\/Baden-Baden-Ostrya_carpinifolia-04-Hopfenbuche-2020-gje-300x200.jpg 300w, https:\/\/ccov.fr\/neufchateau\/wp-content\/uploads\/sites\/2\/2026\/03\/Baden-Baden-Ostrya_carpinifolia-04-Hopfenbuche-2020-gje-768x512.jpg 768w\" sizes=\"(max-width: 960px) 100vw, 960px\" \/><figcaption class=\"wp-element-caption\">\u00a9Gerd Eichmann, <a href=\"https:\/\/creativecommons.org\/licenses\/by-sa\/4.0\">CC BY-SA 4.0<\/a>, via Wikimedia Commons<br><a href=\"https:\/\/commons.wikimedia.org\/wiki\/File:Baden-Baden-Ostrya_carpinifolia-04-Hopfenbuche-2020-gje.jpg\">https:\/\/commons.wikimedia.org\/wiki\/File:Baden-Baden-Ostrya_carpinifolia-04-Hopfenbuche-2020-gje.jpg<\/a><\/figcaption><\/figure>\n\n\n\n<figure class=\"wp-block-image size-full\"><img decoding=\"async\" width=\"960\" height=\"594\" src=\"https:\/\/ccov.fr\/neufchateau\/wp-content\/uploads\/sites\/2\/2026\/03\/Ostrya_carpinifolia_1.jpg\" alt=\"\" class=\"wp-image-2396\" srcset=\"https:\/\/ccov.fr\/neufchateau\/wp-content\/uploads\/sites\/2\/2026\/03\/Ostrya_carpinifolia_1.jpg 960w, https:\/\/ccov.fr\/neufchateau\/wp-content\/uploads\/sites\/2\/2026\/03\/Ostrya_carpinifolia_1-300x186.jpg 300w, https:\/\/ccov.fr\/neufchateau\/wp-content\/uploads\/sites\/2\/2026\/03\/Ostrya_carpinifolia_1-768x475.jpg 768w\" sizes=\"(max-width: 960px) 100vw, 960px\" \/><figcaption class=\"wp-element-caption\">\u00a9Franz Xaver, <a href=\"https:\/\/creativecommons.org\/licenses\/by-sa\/3.0\">CC BY-SA 3.0<\/a>, via Wikimedia Commons<br><a href=\"https:\/\/commons.wikimedia.org\/wiki\/File:Ostrya_carpinifolia_1.jpg\">https:\/\/commons.wikimedia.org\/wiki\/File:Ostrya_carpinifolia_1.jpg<\/a><\/figcaption><\/figure>\n\n\n\n<p><\/p>\n","protected":false},"excerpt":{"rendered":"<p>Nom courant : Charme houblon Nom scientifique : Ostrya carpinifolia Provenance : L&#8217;Ostrya carpinifolia est originaire d&#8217;Europe, principalement du sud de l&#8217;Europe et de certaines r\u00e9gions des Balkans. Descriptif : L&#8217;Ostrya carpinifolia, \u00e9galement connu sous le nom de Charme houblon, est un arbre \u00e0 feuilles caduques de taille moyenne, pouvant atteindre 10 \u00e0 15 m\u00e8tres [&hellip;]<\/p>\n","protected":false},"author":1,"featured_media":0,"parent":2342,"menu_order":0,"comment_status":"closed","ping_status":"closed","template":"","meta":{"_acf_changed":false,"ub_ctt_via":"","footnotes":""},"class_list":["post-2395","page","type-page","status-publish","hentry"],"acf":[],"featured_image_src":null,"_links":{"self":[{"href":"https:\/\/ccov.fr\/neufchateau\/wp-json\/wp\/v2\/pages\/2395","targetHints":{"allow":["GET"]}}],"collection":[{"href":"https:\/\/ccov.fr\/neufchateau\/wp-json\/wp\/v2\/pages"}],"about":[{"href":"https:\/\/ccov.fr\/neufchateau\/wp-json\/wp\/v2\/types\/page"}],"author":[{"embeddable":true,"href":"https:\/\/ccov.fr\/neufchateau\/wp-json\/wp\/v2\/users\/1"}],"replies":[{"embeddable":true,"href":"https:\/\/ccov.fr\/neufchateau\/wp-json\/wp\/v2\/comments?post=2395"}],"version-history":[{"count":1,"href":"https:\/\/ccov.fr\/neufchateau\/wp-json\/wp\/v2\/pages\/2395\/revisions"}],"predecessor-version":[{"id":2398,"href":"https:\/\/ccov.fr\/neufchateau\/wp-json\/wp\/v2\/pages\/2395\/revisions\/2398"}],"up":[{"embeddable":true,"href":"https:\/\/ccov.fr\/neufchateau\/wp-json\/wp\/v2\/pages\/2342"}],"wp:attachment":[{"href":"https:\/\/ccov.fr\/neufchateau\/wp-json\/wp\/v2\/media?parent=2395"}],"curies":[{"name":"wp","href":"https:\/\/api.w.org\/{rel}","templated":true}]}}