{"id":2412,"date":"2026-03-16T17:53:18","date_gmt":"2026-03-16T16:53:18","guid":{"rendered":"https:\/\/ccov.fr\/neufchateau\/?page_id=2412"},"modified":"2026-03-16T17:53:19","modified_gmt":"2026-03-16T16:53:19","slug":"cerisier-du-japon-sunset-boulevard","status":"publish","type":"page","link":"https:\/\/ccov.fr\/neufchateau\/vie-quotidienne\/environnement\/parc-des-confluences\/plantations\/cerisier-du-japon-sunset-boulevard\/","title":{"rendered":"Cerisier du Japon \u201cSunset Boulevard\u201d"},"content":{"rendered":"\n<p><strong>Nom courant :<\/strong> Cerisier du Japon &#8220;Sunset Boulevard&#8221;<\/p>\n\n\n\n<p><strong>Nom scientifique : <\/strong>Prunus serrulata &#8220;Sunset Boulevard&#8221;<\/p>\n\n\n\n<p><strong>Provenance : <\/strong>Comme toutes les vari\u00e9t\u00e9s de Prunus serrulata, le &#8220;Sunset Boulevard&#8221; est originaire d&#8217;Asie de l&#8217;Est, en particulier du Japon.<\/p>\n\n\n\n<p><strong>Descriptif :<\/strong> Le Prunus serrulata &#8220;Sunset Boulevard&#8221; est un arbre \u00e0 feuilles caduques de la famille des Rosaceae, cultiv\u00e9 pour sa magnifique floraison printani\u00e8re. Il produit des fleurs de couleur rose, qui apparaissent avant l&#8217;apparition des feuilles au printemps. La vari\u00e9t\u00e9 &#8220;Sunset Boulevard&#8221; se distingue par ses fleurs qui \u00e9mergent d&#8217;un bourgeon rouge\u00e2tre, donnant un effet de coucher de soleil, d&#8217;o\u00f9 son nom. Ses feuilles vertes deviennent jaunes \u00e0 l&#8217;automne, ajoutant une belle couleur \u00e0 l&#8217;arbre.<\/p>\n\n\n\n<p><strong>Effets sur la sant\u00e9 : <\/strong>Les fleurs du Prunus serrulata &#8220;Sunset Boulevard&#8221; sont principalement appr\u00e9ci\u00e9es pour leur valeur esth\u00e9tique et ne sont g\u00e9n\u00e9ralement pas consomm\u00e9es \u00e0 des fins m\u00e9dicinales ou alimentaires.<\/p>\n\n\n\n<p><strong>Effet sur la nature :<\/strong> Comme les autres vari\u00e9t\u00e9s de Cerisier du Japon, le &#8220;Sunset Boulevard&#8221; attire les pollinisateurs tels que les abeilles et les papillons gr\u00e2ce \u00e0 sa floraison spectaculaire, contribuant ainsi \u00e0 la biodiversit\u00e9 dans son environnement.<\/p>\n\n\n\n<p><strong>Entretien : <\/strong>Le Prunus serrulata &#8220;Sunset Boulevard&#8221; n\u00e9cessite un entretien similaire aux autres vari\u00e9t\u00e9s de Cerisier du Japon. Il pr\u00e9f\u00e8re les sols bien drain\u00e9s et une exposition en plein soleil ou mi-ombre. Taillez les branches mortes ou endommag\u00e9es au besoin pour maintenir la sant\u00e9 et la forme de l&#8217;arbre. Arrosez r\u00e9guli\u00e8rement, surtout pendant les p\u00e9riodes s\u00e8ches, pour favoriser une croissance saine. Fertilisez mod\u00e9r\u00e9ment au printemps pour stimuler la croissance et la floraison.<\/p>\n\n\n\n<figure class=\"wp-block-image size-full\"><img fetchpriority=\"high\" decoding=\"async\" width=\"960\" height=\"540\" src=\"https:\/\/ccov.fr\/neufchateau\/wp-content\/uploads\/sites\/2\/2026\/03\/Munster_Park_Sentmaring_-_2016_-_1888.jpg\" alt=\"\" class=\"wp-image-2413\" srcset=\"https:\/\/ccov.fr\/neufchateau\/wp-content\/uploads\/sites\/2\/2026\/03\/Munster_Park_Sentmaring_-_2016_-_1888.jpg 960w, https:\/\/ccov.fr\/neufchateau\/wp-content\/uploads\/sites\/2\/2026\/03\/Munster_Park_Sentmaring_-_2016_-_1888-300x169.jpg 300w, https:\/\/ccov.fr\/neufchateau\/wp-content\/uploads\/sites\/2\/2026\/03\/Munster_Park_Sentmaring_-_2016_-_1888-768x432.jpg 768w\" sizes=\"(max-width: 960px) 100vw, 960px\" \/><figcaption class=\"wp-element-caption\"><a href=\"https:\/\/commons.wikimedia.org\/wiki\/File:M%C3%BCnster,_Park_Sentmaring_--_2016_--_1888.jpg\">https:\/\/commons.wikimedia.org\/wiki\/File:M%C3%BCnster,_Park_Sentmaring_&#8211;_2016_&#8211;_1888.jpg <\/a><\/figcaption><\/figure>\n\n\n\n<figure class=\"wp-block-image size-full\"><img decoding=\"async\" width=\"960\" height=\"638\" src=\"https:\/\/ccov.fr\/neufchateau\/wp-content\/uploads\/sites\/2\/2026\/03\/Prunus_Taoyame_\u30bf\u30aa\u30e4\u30e1_2.jpg\" alt=\"\" class=\"wp-image-2414\" srcset=\"https:\/\/ccov.fr\/neufchateau\/wp-content\/uploads\/sites\/2\/2026\/03\/Prunus_Taoyame_\u30bf\u30aa\u30e4\u30e1_2.jpg 960w, https:\/\/ccov.fr\/neufchateau\/wp-content\/uploads\/sites\/2\/2026\/03\/Prunus_Taoyame_\u30bf\u30aa\u30e4\u30e1_2-300x199.jpg 300w, https:\/\/ccov.fr\/neufchateau\/wp-content\/uploads\/sites\/2\/2026\/03\/Prunus_Taoyame_\u30bf\u30aa\u30e4\u30e1_2-768x510.jpg 768w\" sizes=\"(max-width: 960px) 100vw, 960px\" \/><figcaption class=\"wp-element-caption\"><a href=\"https:\/\/commons.wikimedia.org\/wiki\/File:Prunus_%27Taoyame%27_%E3%82%BF%E3%82%AA%E3%83%A4%E3%83%A1_2.jpg\">https:\/\/commons.wikimedia.org\/wiki\/File:Prunus_%27Taoyame%27_%E3%82%BF%E3%82%AA%E3%83%A4%E3%83%A1_2.jpg <\/a><\/figcaption><\/figure>\n\n\n\n<p><\/p>\n","protected":false},"excerpt":{"rendered":"<p>Nom courant : Cerisier du Japon &#8220;Sunset Boulevard&#8221; Nom scientifique : Prunus serrulata &#8220;Sunset Boulevard&#8221; Provenance : Comme toutes les vari\u00e9t\u00e9s de Prunus serrulata, le &#8220;Sunset Boulevard&#8221; est originaire d&#8217;Asie de l&#8217;Est, en particulier du Japon. Descriptif : Le Prunus serrulata &#8220;Sunset Boulevard&#8221; est un arbre \u00e0 feuilles caduques de la famille des Rosaceae, cultiv\u00e9 [&hellip;]<\/p>\n","protected":false},"author":1,"featured_media":0,"parent":2342,"menu_order":0,"comment_status":"closed","ping_status":"closed","template":"","meta":{"_acf_changed":false,"ub_ctt_via":"","footnotes":""},"class_list":["post-2412","page","type-page","status-publish","hentry"],"acf":[],"featured_image_src":null,"_links":{"self":[{"href":"https:\/\/ccov.fr\/neufchateau\/wp-json\/wp\/v2\/pages\/2412","targetHints":{"allow":["GET"]}}],"collection":[{"href":"https:\/\/ccov.fr\/neufchateau\/wp-json\/wp\/v2\/pages"}],"about":[{"href":"https:\/\/ccov.fr\/neufchateau\/wp-json\/wp\/v2\/types\/page"}],"author":[{"embeddable":true,"href":"https:\/\/ccov.fr\/neufchateau\/wp-json\/wp\/v2\/users\/1"}],"replies":[{"embeddable":true,"href":"https:\/\/ccov.fr\/neufchateau\/wp-json\/wp\/v2\/comments?post=2412"}],"version-history":[{"count":1,"href":"https:\/\/ccov.fr\/neufchateau\/wp-json\/wp\/v2\/pages\/2412\/revisions"}],"predecessor-version":[{"id":2415,"href":"https:\/\/ccov.fr\/neufchateau\/wp-json\/wp\/v2\/pages\/2412\/revisions\/2415"}],"up":[{"embeddable":true,"href":"https:\/\/ccov.fr\/neufchateau\/wp-json\/wp\/v2\/pages\/2342"}],"wp:attachment":[{"href":"https:\/\/ccov.fr\/neufchateau\/wp-json\/wp\/v2\/media?parent=2412"}],"curies":[{"name":"wp","href":"https:\/\/api.w.org\/{rel}","templated":true}]}}