{"id":2434,"date":"2026-03-17T09:21:35","date_gmt":"2026-03-17T08:21:35","guid":{"rendered":"https:\/\/ccov.fr\/neufchateau\/?page_id=2434"},"modified":"2026-03-17T09:27:47","modified_gmt":"2026-03-17T08:27:47","slug":"chene-pyramidal","status":"publish","type":"page","link":"https:\/\/ccov.fr\/neufchateau\/vie-quotidienne\/environnement\/parc-des-confluences\/plantations\/chene-pyramidal\/","title":{"rendered":"Ch\u00eane p\u00e9doncul\u00e9 &#8216;Fastigiata Koster&#8217;"},"content":{"rendered":"\n<p><strong>Nom courant : <\/strong>Ch\u00eane p\u00e9doncul\u00e9 &#8216;Fastigiata Koster&#8217;<\/p>\n\n\n\n<p><strong>Nom scientifique :<\/strong> Quercus robur Fastigiata &#8216;Koster&#8217;<\/p>\n\n\n\n<p><strong>Provenance : <\/strong>Cette vari\u00e9t\u00e9 de ch\u00eane p\u00e9doncul\u00e9 est originaire d&#8217;Europe.<\/p>\n\n\n\n<p><strong>Descriptif : <\/strong>Le Quercus robur Fastigiata &#8216;Koster&#8217; est un arbre \u00e0 feuilles caduques de taille moyenne \u00e0 grande, atteignant g\u00e9n\u00e9ralement une hauteur de 20 \u00e0 25 m\u00e8tres. Il se distingue par sa forme \u00e9troite et colonnaire, avec des branches qui s&#8217;\u00e9l\u00e8vent verticalement plut\u00f4t que de s&#8217;\u00e9tendre largement. Ses feuilles sont lob\u00e9es, vert fonc\u00e9 et brillantes sur le dessus, tandis que le dessous est plus clair et duveteux. En automne, les feuilles prennent des teintes de jaune dor\u00e9. Comme pour tous les ch\u00eanes, les fruits sont des glands.<\/p>\n\n\n\n<p><strong>Effets sur la sant\u00e9 : <\/strong>Les glands du ch\u00eane p\u00e9doncul\u00e9 &#8216;Fastigiata Koster&#8217; ne sont pas consid\u00e9r\u00e9s comme comestibles pour les humains, mais ils fournissent une source de nourriture pour la faune sauvage.<\/p>\n\n\n\n<p><strong>Effet sur la nature : <\/strong>Le ch\u00eane p\u00e9doncul\u00e9 &#8216;Fastigiata Koster&#8217; offre un habitat et une source de nourriture pour de nombreuses esp\u00e8ces d&#8217;oiseaux et d&#8217;insectes, en particulier gr\u00e2ce \u00e0 ses glands. En tant qu&#8217;arbre \u00e0 feuilles caduques, il contribue \u00e9galement \u00e0 la biodiversit\u00e9 en fournissant une couverture v\u00e9g\u00e9tale et en recyclant les \u00e9l\u00e9ments nutritifs dans le sol \u00e0 travers la chute des feuilles.<\/p>\n\n\n\n<p><strong>Entretien : <\/strong>Le Quercus robur Fastigiata &#8216;Koster&#8217; est g\u00e9n\u00e9ralement peu exigeant en termes d&#8217;entretien une fois \u00e9tabli dans un sol appropri\u00e9. Il tol\u00e8re une large gamme de conditions de sol, mais pr\u00e9f\u00e8re les sols bien drain\u00e9s et riches en mati\u00e8re organique. Une taille l\u00e9g\u00e8re peut \u00eatre pratiqu\u00e9e pour \u00e9liminer les branches mortes et pour maintenir une forme attrayante, bien que cela soit rarement n\u00e9cessaire. Arrosez r\u00e9guli\u00e8rement pendant la premi\u00e8re ann\u00e9e de plantation pour favoriser l&#8217;\u00e9tablissement, puis le ch\u00eane p\u00e9doncul\u00e9 Fastigiata &#8216;Koster&#8217; est g\u00e9n\u00e9ralement assez r\u00e9sistant \u00e0 la s\u00e9cheresse une fois \u00e9tabli.<\/p>\n\n\n\n<figure class=\"wp-block-image size-full\"><img fetchpriority=\"high\" decoding=\"async\" width=\"500\" height=\"667\" src=\"https:\/\/ccov.fr\/neufchateau\/wp-content\/uploads\/sites\/2\/2026\/03\/Kornik_Arboretum_dab_szypulkowy_Kostera.jpg\" alt=\"\" class=\"wp-image-2436\" srcset=\"https:\/\/ccov.fr\/neufchateau\/wp-content\/uploads\/sites\/2\/2026\/03\/Kornik_Arboretum_dab_szypulkowy_Kostera.jpg 500w, https:\/\/ccov.fr\/neufchateau\/wp-content\/uploads\/sites\/2\/2026\/03\/Kornik_Arboretum_dab_szypulkowy_Kostera-225x300.jpg 225w\" sizes=\"(max-width: 500px) 100vw, 500px\" \/><figcaption class=\"wp-element-caption\"><a href=\"https:\/\/commons.wikimedia.org\/wiki\/File:Kornik_Arboretum_dab_szypulkowy_Kostera.jpg\">https:\/\/commons.wikimedia.org\/wiki\/File:Kornik_Arboretum_dab_szypulkowy_Kostera.jpg <\/a><\/figcaption><\/figure>\n\n\n\n<figure class=\"wp-block-image size-full\"><img decoding=\"async\" width=\"960\" height=\"720\" src=\"https:\/\/ccov.fr\/neufchateau\/wp-content\/uploads\/sites\/2\/2026\/03\/Kornik_Arboretum_dab_szypulkowy_lisc.jpg\" alt=\"\" class=\"wp-image-2435\" srcset=\"https:\/\/ccov.fr\/neufchateau\/wp-content\/uploads\/sites\/2\/2026\/03\/Kornik_Arboretum_dab_szypulkowy_lisc.jpg 960w, https:\/\/ccov.fr\/neufchateau\/wp-content\/uploads\/sites\/2\/2026\/03\/Kornik_Arboretum_dab_szypulkowy_lisc-300x225.jpg 300w, https:\/\/ccov.fr\/neufchateau\/wp-content\/uploads\/sites\/2\/2026\/03\/Kornik_Arboretum_dab_szypulkowy_lisc-768x576.jpg 768w\" sizes=\"(max-width: 960px) 100vw, 960px\" \/><figcaption class=\"wp-element-caption\"><a href=\"https:\/\/commons.wikimedia.org\/wiki\/File:Kornik_Arboretum_dab_szypulkowy_lisc.jpg\">https:\/\/commons.wikimedia.org\/wiki\/File:Kornik_Arboretum_dab_szypulkowy_lisc.jpg <\/a><\/figcaption><\/figure>\n\n\n\n<p><\/p>\n","protected":false},"excerpt":{"rendered":"<p>Nom courant : Ch\u00eane p\u00e9doncul\u00e9 &#8216;Fastigiata Koster&#8217; Nom scientifique : Quercus robur Fastigiata &#8216;Koster&#8217; Provenance : Cette vari\u00e9t\u00e9 de ch\u00eane p\u00e9doncul\u00e9 est originaire d&#8217;Europe. Descriptif : Le Quercus robur Fastigiata &#8216;Koster&#8217; est un arbre \u00e0 feuilles caduques de taille moyenne \u00e0 grande, atteignant g\u00e9n\u00e9ralement une hauteur de 20 \u00e0 25 m\u00e8tres. Il se distingue par [&hellip;]<\/p>\n","protected":false},"author":1,"featured_media":0,"parent":2342,"menu_order":0,"comment_status":"closed","ping_status":"closed","template":"","meta":{"_acf_changed":false,"ub_ctt_via":"","footnotes":""},"class_list":["post-2434","page","type-page","status-publish","hentry"],"acf":[],"featured_image_src":null,"_links":{"self":[{"href":"https:\/\/ccov.fr\/neufchateau\/wp-json\/wp\/v2\/pages\/2434","targetHints":{"allow":["GET"]}}],"collection":[{"href":"https:\/\/ccov.fr\/neufchateau\/wp-json\/wp\/v2\/pages"}],"about":[{"href":"https:\/\/ccov.fr\/neufchateau\/wp-json\/wp\/v2\/types\/page"}],"author":[{"embeddable":true,"href":"https:\/\/ccov.fr\/neufchateau\/wp-json\/wp\/v2\/users\/1"}],"replies":[{"embeddable":true,"href":"https:\/\/ccov.fr\/neufchateau\/wp-json\/wp\/v2\/comments?post=2434"}],"version-history":[{"count":2,"href":"https:\/\/ccov.fr\/neufchateau\/wp-json\/wp\/v2\/pages\/2434\/revisions"}],"predecessor-version":[{"id":2442,"href":"https:\/\/ccov.fr\/neufchateau\/wp-json\/wp\/v2\/pages\/2434\/revisions\/2442"}],"up":[{"embeddable":true,"href":"https:\/\/ccov.fr\/neufchateau\/wp-json\/wp\/v2\/pages\/2342"}],"wp:attachment":[{"href":"https:\/\/ccov.fr\/neufchateau\/wp-json\/wp\/v2\/media?parent=2434"}],"curies":[{"name":"wp","href":"https:\/\/api.w.org\/{rel}","templated":true}]}}