{"id":2438,"date":"2026-03-17T09:26:15","date_gmt":"2026-03-17T08:26:15","guid":{"rendered":"https:\/\/ccov.fr\/neufchateau\/?page_id=2438"},"modified":"2026-03-17T09:31:11","modified_gmt":"2026-03-17T08:31:11","slug":"peuplier-tremble","status":"publish","type":"page","link":"https:\/\/ccov.fr\/neufchateau\/vie-quotidienne\/environnement\/parc-des-confluences\/plantations\/peuplier-tremble\/","title":{"rendered":"Peuplier tremble"},"content":{"rendered":"\n<p><strong>Nom courant : <\/strong>Peuplier tremble<\/p>\n\n\n\n<p><strong>Nom scientifique :<\/strong> Populus tremula<\/p>\n\n\n\n<p><strong>Provenance :<\/strong> Le Peuplier tremble est originaire d&#8217;Europe, d&#8217;Asie occidentale et de l&#8217;Afrique du Nord. Il est largement r\u00e9pandu dans les r\u00e9gions temp\u00e9r\u00e9es de l&#8217;h\u00e9misph\u00e8re nord.<\/p>\n\n\n\n<p><strong>Descriptif :<\/strong> Le Peuplier tremble est un arbre \u00e0 feuilles caduques de taille moyenne \u00e0 grande, appartenant \u00e0 la famille des Salicaceae. Il peut atteindre une hauteur de 20 \u00e0 30 m\u00e8tres. Il tire son nom de ses feuilles qui tremblent au moindre souffle de vent en raison de leurs longs p\u00e9tioles flexibles. Les feuilles sont rondes ou en forme de losange avec des bords dentel\u00e9s. Les fleurs m\u00e2les et femelles sont s\u00e9par\u00e9es sur des arbres diff\u00e9rents et apparaissent au printemps sous forme de chatons pendants. Les fruits sont des capsules contenant de nombreuses graines l\u00e9g\u00e8res qui sont dispers\u00e9es par le vent.<\/p>\n\n\n\n<p><strong>Effets sur la sant\u00e9 : <\/strong>Le Peuplier tremble n&#8217;a pas de valeur m\u00e9dicinale significative pour les humains, bien qu&#8217;il ait \u00e9t\u00e9 utilis\u00e9 dans la m\u00e9decine traditionnelle pour traiter divers maux mineurs. Cependant, il est important de noter que certaines personnes peuvent \u00eatre sensibles au pollen de peuplier, ce qui peut d\u00e9clencher des allergies saisonni\u00e8res chez les individus sensibles.<\/p>\n\n\n\n<p><strong>Effet sur la nature : <\/strong>Le Peuplier tremble est un arbre pionnier qui colonise rapidement les zones perturb\u00e9es, comme les terrains abandonn\u00e9s ou les bords de routes. Il fournit un habitat pour de nombreuses esp\u00e8ces d&#8217;oiseaux, d&#8217;insectes et de petits mammif\u00e8res, et ses feuilles en d\u00e9composition contribuent \u00e0 enrichir le sol en mati\u00e8re organique.<\/p>\n\n\n\n<p><strong>Entretien :<\/strong> Le Peuplier tremble est un arbre assez facile \u00e0 entretenir une fois \u00e9tabli dans un sol appropri\u00e9. Il tol\u00e8re une vari\u00e9t\u00e9 de conditions de sol, mais pr\u00e9f\u00e8re les sols bien drain\u00e9s et humides. En raison de son syst\u00e8me racinaire agressif, il est pr\u00e9f\u00e9rable de le planter \u00e0 une distance s\u00fbre des structures et des canalisations souterraines. La taille r\u00e9guli\u00e8re peut \u00eatre pratiqu\u00e9e pour \u00e9liminer les branches mortes ou endommag\u00e9es et pour contr\u00f4ler sa croissance.<\/p>\n\n\n\n<figure class=\"wp-block-image size-full\"><img fetchpriority=\"high\" decoding=\"async\" width=\"500\" height=\"667\" src=\"https:\/\/ccov.fr\/neufchateau\/wp-content\/uploads\/sites\/2\/2026\/03\/Populus_tremula_var_sieboldii_in_Hokkaido-2.jpg\" alt=\"\" class=\"wp-image-2440\" srcset=\"https:\/\/ccov.fr\/neufchateau\/wp-content\/uploads\/sites\/2\/2026\/03\/Populus_tremula_var_sieboldii_in_Hokkaido-2.jpg 500w, https:\/\/ccov.fr\/neufchateau\/wp-content\/uploads\/sites\/2\/2026\/03\/Populus_tremula_var_sieboldii_in_Hokkaido-2-225x300.jpg 225w\" sizes=\"(max-width: 500px) 100vw, 500px\" \/><figcaption class=\"wp-element-caption\"><a href=\"https:\/\/commons.wikimedia.org\/wiki\/File:Populus_tremula_var_sieboldii_in_Hokkaido-2.jpg\">https:\/\/commons.wikimedia.org\/wiki\/File:Populus_tremula_var_sieboldii_in_Hokkaido-2.jpg <\/a><\/figcaption><\/figure>\n\n\n\n<figure class=\"wp-block-image size-full\"><img decoding=\"async\" width=\"500\" height=\"667\" src=\"https:\/\/ccov.fr\/neufchateau\/wp-content\/uploads\/sites\/2\/2026\/03\/Populus_tremula_Topola_osika_2020-07-02_01.jpg\" alt=\"\" class=\"wp-image-2439\" srcset=\"https:\/\/ccov.fr\/neufchateau\/wp-content\/uploads\/sites\/2\/2026\/03\/Populus_tremula_Topola_osika_2020-07-02_01.jpg 500w, https:\/\/ccov.fr\/neufchateau\/wp-content\/uploads\/sites\/2\/2026\/03\/Populus_tremula_Topola_osika_2020-07-02_01-225x300.jpg 225w\" sizes=\"(max-width: 500px) 100vw, 500px\" \/><figcaption class=\"wp-element-caption\"><a href=\"https:\/\/commons.wikimedia.org\/wiki\/File:Populus_tremula_Topola_osika_2020-07-02_01.jpg\">https:\/\/commons.wikimedia.org\/wiki\/File:Populus_tremula_Topola_osika_2020-07-02_01.jpg <\/a><\/figcaption><\/figure>\n\n\n\n<p><\/p>\n","protected":false},"excerpt":{"rendered":"<p>Nom courant : Peuplier tremble Nom scientifique : Populus tremula Provenance : Le Peuplier tremble est originaire d&#8217;Europe, d&#8217;Asie occidentale et de l&#8217;Afrique du Nord. Il est largement r\u00e9pandu dans les r\u00e9gions temp\u00e9r\u00e9es de l&#8217;h\u00e9misph\u00e8re nord. Descriptif : Le Peuplier tremble est un arbre \u00e0 feuilles caduques de taille moyenne \u00e0 grande, appartenant \u00e0 la [&hellip;]<\/p>\n","protected":false},"author":1,"featured_media":0,"parent":2342,"menu_order":0,"comment_status":"closed","ping_status":"closed","template":"","meta":{"_acf_changed":false,"ub_ctt_via":"","footnotes":""},"class_list":["post-2438","page","type-page","status-publish","hentry"],"acf":[],"featured_image_src":null,"_links":{"self":[{"href":"https:\/\/ccov.fr\/neufchateau\/wp-json\/wp\/v2\/pages\/2438","targetHints":{"allow":["GET"]}}],"collection":[{"href":"https:\/\/ccov.fr\/neufchateau\/wp-json\/wp\/v2\/pages"}],"about":[{"href":"https:\/\/ccov.fr\/neufchateau\/wp-json\/wp\/v2\/types\/page"}],"author":[{"embeddable":true,"href":"https:\/\/ccov.fr\/neufchateau\/wp-json\/wp\/v2\/users\/1"}],"replies":[{"embeddable":true,"href":"https:\/\/ccov.fr\/neufchateau\/wp-json\/wp\/v2\/comments?post=2438"}],"version-history":[{"count":2,"href":"https:\/\/ccov.fr\/neufchateau\/wp-json\/wp\/v2\/pages\/2438\/revisions"}],"predecessor-version":[{"id":2448,"href":"https:\/\/ccov.fr\/neufchateau\/wp-json\/wp\/v2\/pages\/2438\/revisions\/2448"}],"up":[{"embeddable":true,"href":"https:\/\/ccov.fr\/neufchateau\/wp-json\/wp\/v2\/pages\/2342"}],"wp:attachment":[{"href":"https:\/\/ccov.fr\/neufchateau\/wp-json\/wp\/v2\/media?parent=2438"}],"curies":[{"name":"wp","href":"https:\/\/api.w.org\/{rel}","templated":true}]}}