{"id":2469,"date":"2026-03-17T09:52:18","date_gmt":"2026-03-17T08:52:18","guid":{"rendered":"https:\/\/ccov.fr\/neufchateau\/?page_id=2469"},"modified":"2026-03-17T09:52:19","modified_gmt":"2026-03-17T08:52:19","slug":"erable-champetre","status":"publish","type":"page","link":"https:\/\/ccov.fr\/neufchateau\/vie-quotidienne\/environnement\/parc-des-confluences\/plantations\/erable-champetre\/","title":{"rendered":"Erable champ\u00eatre"},"content":{"rendered":"\n<p><strong>Nom courant : <\/strong>\u00c9rable champ\u00eatre<\/p>\n\n\n\n<p><strong>Nom scientifique : <\/strong>Acer campestre<\/p>\n\n\n\n<p><strong>Provenance :<\/strong> L&#8217;\u00e9rable champ\u00eatre est originaire d&#8217;Europe, o\u00f9 il est r\u00e9pandu dans les zones temp\u00e9r\u00e9es. On le trouve \u00e9galement dans certaines r\u00e9gions d&#8217;Asie occidentale.<\/p>\n\n\n\n<p><strong>Descriptif : <\/strong>L&#8217;\u00e9rable champ\u00eatre est un petit arbre \u00e0 feuilles caduques de la famille des Aceraceae. Dans sa forme c\u00e9p\u00e9e, il est taill\u00e9 pour avoir un tronc unique avec une couronne large et \u00e9tal\u00e9e, plut\u00f4t que d&#8217;avoir une forme d&#8217;arbre standard. Ses feuilles sont lob\u00e9es et palm\u00e9es, vert fonc\u00e9 et deviennent jaunes \u00e0 l&#8217;automne. Il produit de petites fleurs jaunes verd\u00e2tres au printemps, suivies de petites samares ail\u00e9es. L&#8217;\u00e9rable champ\u00eatre est souvent appr\u00e9ci\u00e9 pour son feuillage dense et sa capacit\u00e9 \u00e0 s&#8217;adapter \u00e0 diff\u00e9rents types de sols et de conditions environnementales.<\/p>\n\n\n\n<p><strong>Effets sur la sant\u00e9 :<\/strong> Les \u00e9rables champ\u00eatres ne sont g\u00e9n\u00e9ralement pas consid\u00e9r\u00e9s comme toxiques pour les humains ou les animaux domestiques. Cependant, leurs graines (samares) peuvent causer des probl\u00e8mes gastro-intestinaux s&#8217;ils sont consomm\u00e9s en grande quantit\u00e9. Comme pour de nombreux arbres, le pollen de l&#8217;\u00e9rable champ\u00eatre peut provoquer des allergies saisonni\u00e8res chez certaines personnes sensibles.<\/p>\n\n\n\n<p><strong>Effet sur la nature : <\/strong>L&#8217;\u00e9rable champ\u00eatre est un arbre polyvalent qui fournit de la nourriture et un abri pour de nombreux insectes, oiseaux et petits mammif\u00e8res. Ses feuilles tomb\u00e9es se d\u00e9composent pour enrichir le sol en mati\u00e8re organique et en nutriments, contribuant ainsi \u00e0 la sant\u00e9 de l&#8217;\u00e9cosyst\u00e8me.<\/p>\n\n\n\n<p><strong>Entretien : <\/strong>L&#8217;\u00e9rable champ\u00eatre n\u00e9cessite peu d&#8217;entretien une fois \u00e9tabli. Il tol\u00e8re une vari\u00e9t\u00e9 de conditions de sol et peut pousser dans des endroits ensoleill\u00e9s \u00e0 ombrag\u00e9s. Une taille occasionnelle peut \u00eatre n\u00e9cessaire pour maintenir sa forme c\u00e9p\u00e9e et \u00e9liminer les branches mortes ou ind\u00e9sirables. Il est g\u00e9n\u00e9ralement r\u00e9sistant aux maladies et aux ravageurs, ce qui en fait un choix populaire pour les jardins et les espaces publics.<\/p>\n\n\n\n<figure class=\"wp-block-image size-full\"><img fetchpriority=\"high\" decoding=\"async\" width=\"500\" height=\"667\" src=\"https:\/\/ccov.fr\/neufchateau\/wp-content\/uploads\/sites\/2\/2026\/03\/Acer_campestre_006.jpg\" alt=\"\" class=\"wp-image-2471\" srcset=\"https:\/\/ccov.fr\/neufchateau\/wp-content\/uploads\/sites\/2\/2026\/03\/Acer_campestre_006.jpg 500w, https:\/\/ccov.fr\/neufchateau\/wp-content\/uploads\/sites\/2\/2026\/03\/Acer_campestre_006-225x300.jpg 225w\" sizes=\"(max-width: 500px) 100vw, 500px\" \/><figcaption class=\"wp-element-caption\"><a href=\"https:\/\/commons.wikimedia.org\/wiki\/File:Acer_campestre_006.jpg\">https:\/\/commons.wikimedia.org\/wiki\/File:Acer_campestre_006.jpg <\/a><\/figcaption><\/figure>\n\n\n\n<figure class=\"wp-block-image size-full\"><img decoding=\"async\" width=\"960\" height=\"720\" src=\"https:\/\/ccov.fr\/neufchateau\/wp-content\/uploads\/sites\/2\/2026\/03\/Acer_campestre_196735064.jpg\" alt=\"\" class=\"wp-image-2470\" srcset=\"https:\/\/ccov.fr\/neufchateau\/wp-content\/uploads\/sites\/2\/2026\/03\/Acer_campestre_196735064.jpg 960w, https:\/\/ccov.fr\/neufchateau\/wp-content\/uploads\/sites\/2\/2026\/03\/Acer_campestre_196735064-300x225.jpg 300w, https:\/\/ccov.fr\/neufchateau\/wp-content\/uploads\/sites\/2\/2026\/03\/Acer_campestre_196735064-768x576.jpg 768w\" sizes=\"(max-width: 960px) 100vw, 960px\" \/><figcaption class=\"wp-element-caption\"><a href=\"https:\/\/commons.wikimedia.org\/wiki\/File:Acer_campestre_196735064.jpg\">https:\/\/commons.wikimedia.org\/wiki\/File:Acer_campestre_196735064.jpg <\/a><\/figcaption><\/figure>\n\n\n\n<p><\/p>\n","protected":false},"excerpt":{"rendered":"<p>Nom courant : \u00c9rable champ\u00eatre Nom scientifique : Acer campestre Provenance : L&#8217;\u00e9rable champ\u00eatre est originaire d&#8217;Europe, o\u00f9 il est r\u00e9pandu dans les zones temp\u00e9r\u00e9es. On le trouve \u00e9galement dans certaines r\u00e9gions d&#8217;Asie occidentale. Descriptif : L&#8217;\u00e9rable champ\u00eatre est un petit arbre \u00e0 feuilles caduques de la famille des Aceraceae. Dans sa forme c\u00e9p\u00e9e, il [&hellip;]<\/p>\n","protected":false},"author":1,"featured_media":0,"parent":2342,"menu_order":0,"comment_status":"closed","ping_status":"closed","template":"","meta":{"_acf_changed":false,"ub_ctt_via":"","footnotes":""},"class_list":["post-2469","page","type-page","status-publish","hentry"],"acf":[],"featured_image_src":null,"_links":{"self":[{"href":"https:\/\/ccov.fr\/neufchateau\/wp-json\/wp\/v2\/pages\/2469","targetHints":{"allow":["GET"]}}],"collection":[{"href":"https:\/\/ccov.fr\/neufchateau\/wp-json\/wp\/v2\/pages"}],"about":[{"href":"https:\/\/ccov.fr\/neufchateau\/wp-json\/wp\/v2\/types\/page"}],"author":[{"embeddable":true,"href":"https:\/\/ccov.fr\/neufchateau\/wp-json\/wp\/v2\/users\/1"}],"replies":[{"embeddable":true,"href":"https:\/\/ccov.fr\/neufchateau\/wp-json\/wp\/v2\/comments?post=2469"}],"version-history":[{"count":1,"href":"https:\/\/ccov.fr\/neufchateau\/wp-json\/wp\/v2\/pages\/2469\/revisions"}],"predecessor-version":[{"id":2472,"href":"https:\/\/ccov.fr\/neufchateau\/wp-json\/wp\/v2\/pages\/2469\/revisions\/2472"}],"up":[{"embeddable":true,"href":"https:\/\/ccov.fr\/neufchateau\/wp-json\/wp\/v2\/pages\/2342"}],"wp:attachment":[{"href":"https:\/\/ccov.fr\/neufchateau\/wp-json\/wp\/v2\/media?parent=2469"}],"curies":[{"name":"wp","href":"https:\/\/api.w.org\/{rel}","templated":true}]}}