{"id":2477,"date":"2026-03-17T09:58:46","date_gmt":"2026-03-17T08:58:46","guid":{"rendered":"https:\/\/ccov.fr\/neufchateau\/?page_id=2477"},"modified":"2026-03-17T10:01:24","modified_gmt":"2026-03-17T09:01:24","slug":"aulne-a-feuilles","status":"publish","type":"page","link":"https:\/\/ccov.fr\/neufchateau\/vie-quotidienne\/environnement\/parc-des-confluences\/plantations\/aulne-a-feuilles\/","title":{"rendered":"Aulne de Corse"},"content":{"rendered":"\n<p><strong>Nom courant : <\/strong>Aulne de Corse<\/p>\n\n\n\n<p><strong>Nom scientifique :<\/strong> Alnus cordata<\/p>\n\n\n\n<p><strong>Provenance :<\/strong> Originaire du bassin m\u00e9diterran\u00e9en, notamment de la r\u00e9gion de Corse et de la p\u00e9ninsule italienne.<\/p>\n\n\n\n<p><strong>Descriptif : <\/strong>L&#8217;Aulne de Corse est un arbre \u00e0 feuilles caduques de taille moyenne, appartenant \u00e0 la famille des Betulaceae. Il peut atteindre une hauteur de 15 \u00e0 20 m\u00e8tres dans des conditions id\u00e9ales. Les feuilles sont de forme ovale, vert fonc\u00e9 et lustr\u00e9es sur le dessus, avec une texture l\u00e9g\u00e8rement coriace. Les fleurs m\u00e2les sont des chatons pendants jaune verd\u00e2tre, tandis que les fleurs femelles sont des c\u00f4nes semblables \u00e0 des chatons. Les fruits sont des c\u00f4nes ligneux qui persistent sur l&#8217;arbre pendant une grande partie de l&#8217;ann\u00e9e.<\/p>\n\n\n\n<p><strong>Effets sur la sant\u00e9 :<\/strong> L&#8217;Aulne de Corse n&#8217;a pas d&#8217;effets sp\u00e9cifiques sur la sant\u00e9 humaine, except\u00e9, comme pour de nombreuses esp\u00e8ces d&#8217;arbres, des allergies chez les personnes sensibles au pollen.<\/p>\n\n\n\n<p><strong>Effet sur la nature :<\/strong> L&#8217;Aulne de Corse est souvent plant\u00e9 pour son attrait ornemental dans les jardins et les parcs en raison de son feuillage attrayant et de sa silhouette \u00e9l\u00e9gante. Il a \u00e9galement des avantages \u00e9cologiques, notamment en tant qu&#8217;arbre de stabilisation des berges gr\u00e2ce \u00e0 ses racines vigoureuses qui aident \u00e0 pr\u00e9venir l&#8217;\u00e9rosion des sols le long des cours d&#8217;eau.<\/p>\n\n\n\n<p><strong>Entretien :<\/strong> L&#8217;Aulne de Corse est un arbre rustique et adaptable qui tol\u00e8re une large gamme de conditions de sol, y compris humides et mal drain\u00e9s. Il pr\u00e9f\u00e8re les emplacements ensoleill\u00e9s \u00e0 partiellement ombrag\u00e9s. Il n\u00e9cessite peu d&#8217;entretien une fois \u00e9tabli, bien qu&#8217;un arrosage r\u00e9gulier puisse \u00eatre n\u00e9cessaire pendant les p\u00e9riodes s\u00e8ches, surtout lorsqu&#8217;il est jeune. La taille peut \u00eatre pratiqu\u00e9e pour \u00e9liminer les branches mortes et pour maintenir sa forme, mais elle n&#8217;est g\u00e9n\u00e9ralement pas n\u00e9cessaire.<\/p>\n\n\n\n<figure class=\"wp-block-image size-full is-resized\"><img fetchpriority=\"high\" decoding=\"async\" width=\"500\" height=\"666\" src=\"https:\/\/ccov.fr\/neufchateau\/wp-content\/uploads\/sites\/2\/2026\/03\/Alnus_cordata_alder_tree.jpg\" alt=\"\" class=\"wp-image-2479\" style=\"width:500px;height:auto\" srcset=\"https:\/\/ccov.fr\/neufchateau\/wp-content\/uploads\/sites\/2\/2026\/03\/Alnus_cordata_alder_tree.jpg 500w, https:\/\/ccov.fr\/neufchateau\/wp-content\/uploads\/sites\/2\/2026\/03\/Alnus_cordata_alder_tree-225x300.jpg 225w\" sizes=\"(max-width: 500px) 100vw, 500px\" \/><figcaption class=\"wp-element-caption\"><a href=\"https:\/\/commons.wikimedia.org\/wiki\/File:Alnus_cordata_alder_tree.jpg\">https:\/\/commons.wikimedia.org\/wiki\/File:Alnus_cordata_alder_tree.jpg <\/a><\/figcaption><\/figure>\n\n\n\n<figure class=\"wp-block-image size-full\"><img decoding=\"async\" width=\"960\" height=\"720\" src=\"https:\/\/ccov.fr\/neufchateau\/wp-content\/uploads\/sites\/2\/2026\/03\/Alnus_cordata.jpg\" alt=\"\" class=\"wp-image-2478\" srcset=\"https:\/\/ccov.fr\/neufchateau\/wp-content\/uploads\/sites\/2\/2026\/03\/Alnus_cordata.jpg 960w, https:\/\/ccov.fr\/neufchateau\/wp-content\/uploads\/sites\/2\/2026\/03\/Alnus_cordata-300x225.jpg 300w, https:\/\/ccov.fr\/neufchateau\/wp-content\/uploads\/sites\/2\/2026\/03\/Alnus_cordata-768x576.jpg 768w\" sizes=\"(max-width: 960px) 100vw, 960px\" \/><figcaption class=\"wp-element-caption\"><a href=\"https:\/\/commons.wikimedia.org\/wiki\/File:Alnus_cordata.jpg\">https:\/\/commons.wikimedia.org\/wiki\/File:Alnus_cordata.jpg <\/a><\/figcaption><\/figure>\n\n\n\n<p><\/p>\n","protected":false},"excerpt":{"rendered":"<p>Nom courant : Aulne de Corse Nom scientifique : Alnus cordata Provenance : Originaire du bassin m\u00e9diterran\u00e9en, notamment de la r\u00e9gion de Corse et de la p\u00e9ninsule italienne. Descriptif : L&#8217;Aulne de Corse est un arbre \u00e0 feuilles caduques de taille moyenne, appartenant \u00e0 la famille des Betulaceae. Il peut atteindre une hauteur de 15 [&hellip;]<\/p>\n","protected":false},"author":1,"featured_media":0,"parent":2342,"menu_order":0,"comment_status":"closed","ping_status":"closed","template":"","meta":{"_acf_changed":false,"ub_ctt_via":"","footnotes":""},"class_list":["post-2477","page","type-page","status-publish","hentry"],"acf":[],"featured_image_src":null,"_links":{"self":[{"href":"https:\/\/ccov.fr\/neufchateau\/wp-json\/wp\/v2\/pages\/2477","targetHints":{"allow":["GET"]}}],"collection":[{"href":"https:\/\/ccov.fr\/neufchateau\/wp-json\/wp\/v2\/pages"}],"about":[{"href":"https:\/\/ccov.fr\/neufchateau\/wp-json\/wp\/v2\/types\/page"}],"author":[{"embeddable":true,"href":"https:\/\/ccov.fr\/neufchateau\/wp-json\/wp\/v2\/users\/1"}],"replies":[{"embeddable":true,"href":"https:\/\/ccov.fr\/neufchateau\/wp-json\/wp\/v2\/comments?post=2477"}],"version-history":[{"count":1,"href":"https:\/\/ccov.fr\/neufchateau\/wp-json\/wp\/v2\/pages\/2477\/revisions"}],"predecessor-version":[{"id":2480,"href":"https:\/\/ccov.fr\/neufchateau\/wp-json\/wp\/v2\/pages\/2477\/revisions\/2480"}],"up":[{"embeddable":true,"href":"https:\/\/ccov.fr\/neufchateau\/wp-json\/wp\/v2\/pages\/2342"}],"wp:attachment":[{"href":"https:\/\/ccov.fr\/neufchateau\/wp-json\/wp\/v2\/media?parent=2477"}],"curies":[{"name":"wp","href":"https:\/\/api.w.org\/{rel}","templated":true}]}}