{"id":2483,"date":"2026-03-17T10:03:53","date_gmt":"2026-03-17T09:03:53","guid":{"rendered":"https:\/\/ccov.fr\/neufchateau\/?page_id=2483"},"modified":"2026-03-17T10:14:05","modified_gmt":"2026-03-17T09:14:05","slug":"cerisier-des-oiseaux","status":"publish","type":"page","link":"https:\/\/ccov.fr\/neufchateau\/vie-quotidienne\/environnement\/parc-des-confluences\/plantations\/cerisier-des-oiseaux\/","title":{"rendered":"Merisier ou cerisier des oiseaux"},"content":{"rendered":"\n<p><strong>Nom courant :<\/strong> Merisier, Cerisier des oiseaux<\/p>\n\n\n\n<p><strong>Nom scientifique :<\/strong> Prunus avium<\/p>\n\n\n\n<p><strong>Provenance : <\/strong>Le Prunus avium est originaire d&#8217;Europe et d&#8217;Asie occidentale, mais il est largement cultiv\u00e9 dans d&#8217;autres r\u00e9gions du monde. Il est souvent trouv\u00e9 dans les for\u00eats temp\u00e9r\u00e9es.<\/p>\n\n\n\n<p><strong>Descriptif : <\/strong>Le Prunus avium est un arbre fruitier \u00e0 feuilles caduques de la famille des Rosaceae. Il peut atteindre une hauteur de 15 \u00e0 25 m\u00e8tres. Les feuilles sont ovales et pointues, de couleur vert fonc\u00e9. En avril-mai, il produit de petites fleurs blanches regroup\u00e9es en grappes pendantes. Les fruits sont des cerises rouges comestibles, douces et juteuses, qui m\u00fbrissent en \u00e9t\u00e9.<\/p>\n\n\n\n<p><strong>Effets sur la sant\u00e9 : <\/strong>Les cerises du Prunus avium sont riches en antioxydants, en vitamines et en min\u00e9raux, ce qui en fait un fruit b\u00e9n\u00e9fique pour la sant\u00e9. Elles sont particuli\u00e8rement appr\u00e9ci\u00e9es pour leur capacit\u00e9 \u00e0 am\u00e9liorer la digestion et \u00e0 soutenir la sant\u00e9 cardiovasculaire.<\/p>\n\n\n\n<p>Cependant, les personnes allergiques aux cerises ou \u00e0 d&#8217;autres fruits de la famille des Rosaceae doivent \u00eatre prudentes.<\/p>\n\n\n\n<p><strong>Effet sur la nature :<\/strong> Le Prunus avium fournit de la nourriture pour une vari\u00e9t\u00e9 d&#8217;animaux, y compris les oiseaux qui se nourrissent de ses fruits, d&#8217;o\u00f9 son nom de &#8220;Cerisier des oiseaux&#8221;. Il contribue \u00e9galement \u00e0 la biodiversit\u00e9 en fournissant un habitat pour diverses esp\u00e8ces d&#8217;insectes et d&#8217;oiseaux.<\/p>\n\n\n\n<p><strong>Entretien : <\/strong>Le Prunus avium est relativement facile \u00e0 entretenir une fois \u00e9tabli. Il pr\u00e9f\u00e8re les sols riches en humus, bien drain\u00e9s et l\u00e9g\u00e8rement acides \u00e0 neutres. Il n\u00e9cessite un arrosage r\u00e9gulier, surtout pendant les p\u00e9riodes s\u00e8ches, surtout lorsqu&#8217;il est jeune. Une taille r\u00e9guli\u00e8re peut \u00eatre pratiqu\u00e9e pour \u00e9liminer les branches mortes, malades ou endommag\u00e9es, ainsi que pour maintenir sa forme et favoriser une bonne fructification.<\/p>\n\n\n\n<figure class=\"wp-block-image size-full is-resized\"><img fetchpriority=\"high\" decoding=\"async\" width=\"500\" height=\"667\" src=\"https:\/\/ccov.fr\/neufchateau\/wp-content\/uploads\/sites\/2\/2026\/03\/Suskirsche_Prunus_avium.jpg\" alt=\"\" class=\"wp-image-2485\" style=\"width:500px;height:auto\" srcset=\"https:\/\/ccov.fr\/neufchateau\/wp-content\/uploads\/sites\/2\/2026\/03\/Suskirsche_Prunus_avium.jpg 500w, https:\/\/ccov.fr\/neufchateau\/wp-content\/uploads\/sites\/2\/2026\/03\/Suskirsche_Prunus_avium-225x300.jpg 225w\" sizes=\"(max-width: 500px) 100vw, 500px\" \/><figcaption class=\"wp-element-caption\"><a href=\"https:\/\/commons.wikimedia.org\/wiki\/File:S%C3%BC%C3%9Fkirsche_Prunus_avium.jpg\">https:\/\/commons.wikimedia.org\/wiki\/File:S%C3%BC%C3%9Fkirsche_Prunus_avium.jpg <\/a><\/figcaption><\/figure>\n\n\n\n<figure class=\"wp-block-image size-full\"><img decoding=\"async\" width=\"960\" height=\"630\" src=\"https:\/\/ccov.fr\/neufchateau\/wp-content\/uploads\/sites\/2\/2026\/03\/Prunus_avium_RF.jpg\" alt=\"\" class=\"wp-image-2484\" srcset=\"https:\/\/ccov.fr\/neufchateau\/wp-content\/uploads\/sites\/2\/2026\/03\/Prunus_avium_RF.jpg 960w, https:\/\/ccov.fr\/neufchateau\/wp-content\/uploads\/sites\/2\/2026\/03\/Prunus_avium_RF-300x197.jpg 300w, https:\/\/ccov.fr\/neufchateau\/wp-content\/uploads\/sites\/2\/2026\/03\/Prunus_avium_RF-768x504.jpg 768w\" sizes=\"(max-width: 960px) 100vw, 960px\" \/><figcaption class=\"wp-element-caption\"><a href=\"https:\/\/commons.wikimedia.org\/wiki\/File:Prunus_avium_RF.jpg\">https:\/\/commons.wikimedia.org\/wiki\/File:Prunus_avium_RF.jpg <\/a><\/figcaption><\/figure>\n\n\n\n<p><\/p>\n","protected":false},"excerpt":{"rendered":"<p>Nom courant : Merisier, Cerisier des oiseaux Nom scientifique : Prunus avium Provenance : Le Prunus avium est originaire d&#8217;Europe et d&#8217;Asie occidentale, mais il est largement cultiv\u00e9 dans d&#8217;autres r\u00e9gions du monde. Il est souvent trouv\u00e9 dans les for\u00eats temp\u00e9r\u00e9es. Descriptif : Le Prunus avium est un arbre fruitier \u00e0 feuilles caduques de la [&hellip;]<\/p>\n","protected":false},"author":1,"featured_media":0,"parent":2342,"menu_order":0,"comment_status":"closed","ping_status":"closed","template":"","meta":{"_acf_changed":false,"ub_ctt_via":"","footnotes":""},"class_list":["post-2483","page","type-page","status-publish","hentry"],"acf":[],"featured_image_src":null,"_links":{"self":[{"href":"https:\/\/ccov.fr\/neufchateau\/wp-json\/wp\/v2\/pages\/2483","targetHints":{"allow":["GET"]}}],"collection":[{"href":"https:\/\/ccov.fr\/neufchateau\/wp-json\/wp\/v2\/pages"}],"about":[{"href":"https:\/\/ccov.fr\/neufchateau\/wp-json\/wp\/v2\/types\/page"}],"author":[{"embeddable":true,"href":"https:\/\/ccov.fr\/neufchateau\/wp-json\/wp\/v2\/users\/1"}],"replies":[{"embeddable":true,"href":"https:\/\/ccov.fr\/neufchateau\/wp-json\/wp\/v2\/comments?post=2483"}],"version-history":[{"count":2,"href":"https:\/\/ccov.fr\/neufchateau\/wp-json\/wp\/v2\/pages\/2483\/revisions"}],"predecessor-version":[{"id":2494,"href":"https:\/\/ccov.fr\/neufchateau\/wp-json\/wp\/v2\/pages\/2483\/revisions\/2494"}],"up":[{"embeddable":true,"href":"https:\/\/ccov.fr\/neufchateau\/wp-json\/wp\/v2\/pages\/2342"}],"wp:attachment":[{"href":"https:\/\/ccov.fr\/neufchateau\/wp-json\/wp\/v2\/media?parent=2483"}],"curies":[{"name":"wp","href":"https:\/\/api.w.org\/{rel}","templated":true}]}}